{"id":2929,"date":"2026-04-07T10:52:45","date_gmt":"2026-04-07T09:52:45","guid":{"rendered":"https:\/\/autofoudre.fr\/?page_id=2929"},"modified":"2026-04-07T14:31:35","modified_gmt":"2026-04-07T13:31:35","slug":"pneumatique","status":"publish","type":"page","link":"https:\/\/autofoudre.fr\/index.php\/pneumatique\/","title":{"rendered":"Pneumatique"},"content":{"rendered":"\t\t<div data-elementor-type=\"wp-page\" data-elementor-id=\"2929\" class=\"elementor elementor-2929\">\n\t\t\t\t<div class=\"elementor-element elementor-element-6a37960 e-flex e-con-boxed e-con e-parent\" data-id=\"6a37960\" data-element_type=\"container\" data-e-type=\"container\">\n\t\t\t\t\t<div class=\"e-con-inner\">\n\t\t\t\t<div class=\"elementor-element elementor-element-30d5962 elementor-widget elementor-widget-fixturbo-theme-banner-one-widget\" data-id=\"30d5962\" data-element_type=\"widget\" data-e-type=\"widget\" data-widget_type=\"fixturbo-theme-banner-one-widget.default\">\n\t\t\t\t<div class=\"elementor-widget-container\">\n\t\t\t\t\t\r\n        <div class=\"hero-wrapper hero-1\" id=\"hero\" style=\"background-image: url('https:\/\/fixturbowp.wowtheme7.com\/wp-content\/uploads\/2024\/02\/banner1.png');\">\r\n            <div class=\"container\">\r\n                <div class=\"row flex-row-reverse\">\r\n                    <div class=\"col-xl-6\">\r\n                        <div class=\"hero-style1\">\r\n                            <span class=\"sub-title text-white\">Pneumatique<\/span>\r\n                            <h1 class=\"hero-title text-white\">\r\n                                Des r\u00e9parations efficaces pour reprendre la route en toute s\u00e9r\u00e9nit\u00e9                                <span><img decoding=\"async\" src=\"https:\/\/fixturbowp.wowtheme7.com\/wp-content\/uploads\/2024\/02\/hero_shape_1.png\" alt=\"img\"><\/span>\r\n                            <\/h1>\r\n                            <p class=\"hero-text text-white\">Votre v\u00e9hicule m\u00e9rite le meilleur service<\/p>\r\n                            <div class=\"btn-group\">\r\n                                <a href=\"https:\/\/autofoudre.fr\/index.php\/service-automobile\/\" class=\"btn\">Services Automobile<\/a>\r\n                                <a href=\"https:\/\/autofoudre.fr\/index.php\/allo-hayon\/\" class=\"btn style-border\">Allo Hayon<\/a>\r\n                            <\/div>\r\n                        <\/div>\r\n                    <\/div>\r\n                    <div class=\"col-xl-6\">\r\n                        <div class=\"hero-thumb text-center\">\r\n                            <img decoding=\"async\" src=\"https:\/\/autofoudre.fr\/wp-content\/uploads\/2025\/12\/shutterstock_666932353.jpg\" alt=\"img\">\r\n                        <\/div>\r\n                    <\/div>\r\n                <\/div>                \r\n            <\/div>\r\n        <\/div>\r\n\r\n        \t\t\t\t<\/div>\n\t\t\t\t<\/div>\n\t\t\t\t\t<\/div>\n\t\t\t\t<\/div>\n\t\t<div class=\"elementor-element elementor-element-4668a84 e-flex e-con-boxed e-con e-parent\" data-id=\"4668a84\" data-element_type=\"container\" data-e-type=\"container\">\n\t\t\t\t\t<div class=\"e-con-inner\">\n\t\t\t\t<div class=\"elementor-element elementor-element-a563617 elementor-widget elementor-widget-fixturbo-service-grid-list-widget\" data-id=\"a563617\" data-element_type=\"widget\" data-e-type=\"widget\" data-widget_type=\"fixturbo-service-grid-list-widget.default\">\n\t\t\t\t<div class=\"elementor-widget-container\">\n\t\t\t\t\t\n        <div class=\"service-list-item-wrap\">\n            <div class=\"row gy-4 justify-content-center\">\n                                    \n\n                    <div class=\"col-lg-4 col-md-6\">\n                        <div class=\"service-card\">\n                            <div class=\"service-card_content\">\n                                <div class=\"service-card_icon\">\n                                    <img decoding=\"async\" src=\"https:\/\/autofoudre.fr\/wp-content\/uploads\/2025\/11\/cropped-WhatsApp-Image-2025-11-08-a-19.43.42_1d35f82e-1.jpg\" alt=\"img\">\n                                <\/div>\n                                <h4 class=\"service-card_title h5\"><a href=\"https:\/\/autofoudre.fr\/index.php\/all-service\/pneumatique\/\">Pneumatique<\/a><\/h4>\n                                <p class=\"service-card_text\">Remplacement et r\u00e9paration de pneumatiques pour garantir s\u00e9curit\u00e9, adh\u00e9rence optimale et performance de vos v\u00e9hicules professionnels sur tous types de routes.<\/p>\n                                                            <\/div>\n                                                            <div class=\"service-card_img\">\n                                    <img decoding=\"async\" src=\"https:\/\/autofoudre.fr\/wp-content\/uploads\/2024\/03\/service-1-2.png\" alt=\"\">\n                                <\/div>\n                                                    <\/div>\n                    <\/div>\n\n                            <\/div>\n        <\/div>\n        \t\t\t\t<\/div>\n\t\t\t\t<\/div>\n\t\t\t\t\t<\/div>\n\t\t\t\t<\/div>\n\t\t\t\t<\/div>\n\t\t","protected":false},"excerpt":{"rendered":"<p>Pneumatique Des r\u00e9parations efficaces pour reprendre la route en toute s\u00e9r\u00e9nit\u00e9 Votre v\u00e9hicule m\u00e9rite le meilleur service Services Automobile Allo Hayon Pneumatique Chez Auto Foudre, nous assurons la r\u00e9paration rapide et s\u00e9curis\u00e9e de vos pneus, quels que soient le type ou le mod\u00e8le de votre v\u00e9hicule. Nous prenons en charge les crevaisons, fissures ou usures,<\/p>\n","protected":false},"author":1,"featured_media":0,"parent":0,"menu_order":0,"comment_status":"closed","ping_status":"closed","template":"","meta":{"_monsterinsights_skip_tracking":false,"_monsterinsights_sitenote_active":false,"_monsterinsights_sitenote_note":"","_monsterinsights_sitenote_category":0,"footnotes":""},"class_list":["post-2929","page","type-page","status-publish","hentry"],"_links":{"self":[{"href":"https:\/\/autofoudre.fr\/index.php\/wp-json\/wp\/v2\/pages\/2929","targetHints":{"allow":["GET"]}}],"collection":[{"href":"https:\/\/autofoudre.fr\/index.php\/wp-json\/wp\/v2\/pages"}],"about":[{"href":"https:\/\/autofoudre.fr\/index.php\/wp-json\/wp\/v2\/types\/page"}],"author":[{"embeddable":true,"href":"https:\/\/autofoudre.fr\/index.php\/wp-json\/wp\/v2\/users\/1"}],"replies":[{"embeddable":true,"href":"https:\/\/autofoudre.fr\/index.php\/wp-json\/wp\/v2\/comments?post=2929"}],"version-history":[{"count":7,"href":"https:\/\/autofoudre.fr\/index.php\/wp-json\/wp\/v2\/pages\/2929\/revisions"}],"predecessor-version":[{"id":2946,"href":"https:\/\/autofoudre.fr\/index.php\/wp-json\/wp\/v2\/pages\/2929\/revisions\/2946"}],"wp:attachment":[{"href":"https:\/\/autofoudre.fr\/index.php\/wp-json\/wp\/v2\/media?parent=2929"}],"curies":[{"name":"wp","href":"https:\/\/api.w.org\/{rel}","templated":true}]}}