{"id":2923,"date":"2026-04-07T10:46:13","date_gmt":"2026-04-07T09:46:13","guid":{"rendered":"https:\/\/autofoudre.fr\/?page_id=2923"},"modified":"2026-04-07T14:37:42","modified_gmt":"2026-04-07T13:37:42","slug":"disque-plaquettes-frein","status":"publish","type":"page","link":"https:\/\/autofoudre.fr\/index.php\/disque-plaquettes-frein\/","title":{"rendered":"Disque Plaquettes de frein"},"content":{"rendered":"\t\t<div data-elementor-type=\"wp-page\" data-elementor-id=\"2923\" class=\"elementor elementor-2923\">\n\t\t\t\t<div class=\"elementor-element elementor-element-6a37960 e-flex e-con-boxed e-con e-parent\" data-id=\"6a37960\" data-element_type=\"container\" data-e-type=\"container\">\n\t\t\t\t\t<div class=\"e-con-inner\">\n\t\t\t\t<div class=\"elementor-element elementor-element-30d5962 elementor-widget elementor-widget-fixturbo-theme-banner-one-widget\" data-id=\"30d5962\" data-element_type=\"widget\" data-e-type=\"widget\" data-widget_type=\"fixturbo-theme-banner-one-widget.default\">\n\t\t\t\t<div class=\"elementor-widget-container\">\n\t\t\t\t\t\r\n        <div class=\"hero-wrapper hero-1\" id=\"hero\" style=\"background-image: url('https:\/\/fixturbowp.wowtheme7.com\/wp-content\/uploads\/2024\/02\/banner1.png');\">\r\n            <div class=\"container\">\r\n                <div class=\"row flex-row-reverse\">\r\n                    <div class=\"col-xl-6\">\r\n                        <div class=\"hero-style1\">\r\n                            <span class=\"sub-title text-white\">Disque & Plaquettes de frein<\/span>\r\n                            <h1 class=\"hero-title text-white\">\r\n                                Des r\u00e9parations efficaces pour reprendre la route en toute s\u00e9r\u00e9nit\u00e9                                <span><img decoding=\"async\" src=\"https:\/\/fixturbowp.wowtheme7.com\/wp-content\/uploads\/2024\/02\/hero_shape_1.png\" alt=\"img\"><\/span>\r\n                            <\/h1>\r\n                            <p class=\"hero-text text-white\">Votre v\u00e9hicule m\u00e9rite le meilleur service<\/p>\r\n                            <div class=\"btn-group\">\r\n                                <a href=\"https:\/\/autofoudre.fr\/index.php\/service-automobile\/\" class=\"btn\">Services Automobile<\/a>\r\n                                <a href=\"https:\/\/autofoudre.fr\/index.php\/allo-hayon\/\" class=\"btn style-border\">Allo Hayon<\/a>\r\n                            <\/div>\r\n                        <\/div>\r\n                    <\/div>\r\n                    <div class=\"col-xl-6\">\r\n                        <div class=\"hero-thumb text-center\">\r\n                            <img decoding=\"async\" src=\"https:\/\/autofoudre.fr\/wp-content\/uploads\/2025\/12\/shutterstock_666932353.jpg\" alt=\"img\">\r\n                        <\/div>\r\n                    <\/div>\r\n                <\/div>                \r\n            <\/div>\r\n        <\/div>\r\n\r\n        \t\t\t\t<\/div>\n\t\t\t\t<\/div>\n\t\t\t\t\t<\/div>\n\t\t\t\t<\/div>\n\t\t<div class=\"elementor-element elementor-element-4668a84 e-flex e-con-boxed e-con e-parent\" data-id=\"4668a84\" data-element_type=\"container\" data-e-type=\"container\">\n\t\t\t\t\t<div class=\"e-con-inner\">\n\t\t\t\t<div class=\"elementor-element elementor-element-a563617 elementor-widget elementor-widget-fixturbo-service-grid-list-widget\" data-id=\"a563617\" data-element_type=\"widget\" data-e-type=\"widget\" data-widget_type=\"fixturbo-service-grid-list-widget.default\">\n\t\t\t\t<div class=\"elementor-widget-container\">\n\t\t\t\t\t\n        <div class=\"service-list-item-wrap\">\n            <div class=\"row gy-4 justify-content-center\">\n                                    \n\n                    <div class=\"col-lg-4 col-md-6\">\n                        <div class=\"service-card\">\n                            <div class=\"service-card_content\">\n                                <div class=\"service-card_icon\">\n                                    <img decoding=\"async\" src=\"https:\/\/autofoudre.fr\/wp-content\/uploads\/2025\/11\/WhatsApp-Image-2025-11-08-a-19.43.42_1d35f82e.jpg\" alt=\"img\">\n                                <\/div>\n                                <h4 class=\"service-card_title h5\"><a href=\"https:\/\/autofoudre.fr\/index.php\/all-service\/disque-plaquettes-frein\/\">Disque Plaquettes de Frein<\/a><\/h4>\n                                <p class=\"service-card_text\">Remplacement et entretien des disques et plaquettes de frein pour garantir s\u00e9curit\u00e9, performance de freinage et fiabilit\u00e9 de vos v\u00e9hicules professionnels.<\/p>\n                                                            <\/div>\n                                                            <div class=\"service-card_img\">\n                                    <img decoding=\"async\" src=\"https:\/\/autofoudre.fr\/wp-content\/uploads\/2024\/03\/service-1-3.png\" alt=\"\">\n                                <\/div>\n                                                    <\/div>\n                    <\/div>\n\n                            <\/div>\n        <\/div>\n        \t\t\t\t<\/div>\n\t\t\t\t<\/div>\n\t\t\t\t\t<\/div>\n\t\t\t\t<\/div>\n\t\t\t\t<\/div>\n\t\t","protected":false},"excerpt":{"rendered":"<p>Disque &#038; Plaquettes de frein Des r\u00e9parations efficaces pour reprendre la route en toute s\u00e9r\u00e9nit\u00e9 Votre v\u00e9hicule m\u00e9rite le meilleur service Services Automobile Allo Hayon Disque Plaquettes de Frein AutoFoudre assure la r\u00e9paration compl\u00e8te des syst\u00e8mes de suspension pour tous types de v\u00e9hicules. Nous diagnostiquons rapidement l\u2019origine du probl\u00e8me (amortisseurs, ressorts, triangles, biellettes, silentblocs\u2026) et<\/p>\n","protected":false},"author":1,"featured_media":0,"parent":0,"menu_order":0,"comment_status":"closed","ping_status":"closed","template":"","meta":{"_monsterinsights_skip_tracking":false,"_monsterinsights_sitenote_active":false,"_monsterinsights_sitenote_note":"","_monsterinsights_sitenote_category":0,"footnotes":""},"class_list":["post-2923","page","type-page","status-publish","hentry"],"_links":{"self":[{"href":"https:\/\/autofoudre.fr\/index.php\/wp-json\/wp\/v2\/pages\/2923","targetHints":{"allow":["GET"]}}],"collection":[{"href":"https:\/\/autofoudre.fr\/index.php\/wp-json\/wp\/v2\/pages"}],"about":[{"href":"https:\/\/autofoudre.fr\/index.php\/wp-json\/wp\/v2\/types\/page"}],"author":[{"embeddable":true,"href":"https:\/\/autofoudre.fr\/index.php\/wp-json\/wp\/v2\/users\/1"}],"replies":[{"embeddable":true,"href":"https:\/\/autofoudre.fr\/index.php\/wp-json\/wp\/v2\/comments?post=2923"}],"version-history":[{"count":7,"href":"https:\/\/autofoudre.fr\/index.php\/wp-json\/wp\/v2\/pages\/2923\/revisions"}],"predecessor-version":[{"id":2949,"href":"https:\/\/autofoudre.fr\/index.php\/wp-json\/wp\/v2\/pages\/2923\/revisions\/2949"}],"wp:attachment":[{"href":"https:\/\/autofoudre.fr\/index.php\/wp-json\/wp\/v2\/media?parent=2923"}],"curies":[{"name":"wp","href":"https:\/\/api.w.org\/{rel}","templated":true}]}}